{"id":417,"date":"2021-02-02T12:58:11","date_gmt":"2021-02-02T12:58:11","guid":{"rendered":"https:\/\/hotel.blue-senses.com\/?page_id=417"},"modified":"2021-02-02T12:58:11","modified_gmt":"2021-02-02T12:58:11","slug":"sarti","status":"publish","type":"page","link":"https:\/\/blue-senses.com\/?page_id=417&lang=de","title":{"rendered":"SARTI"},"content":{"rendered":"[vc_row][vc_column][vc_row_inner][vc_column_inner][vc_column_text]\n<h3>\u00dcber Sarti<\/h3>\n<p>Der Ort Sarti ist ein im Winter vertr\u00e4umtes, kleines D\u00f6rfchen, welches sich im Sommer auf den Tourismus einstellt und dem Gast ein breites Angebot zur Erholung und Unterhaltung bietet. Das Dorf liegt auf dem mittleren Finger der Chalkidiki, auf Sithonia. Es ist ca. 150 km von Thessaloniki entfernt.[\/vc_column_text][vc_masonry_media_grid style=&#8221;load-more&#8221; items_per_page=&#8221;3&#8243; grid_id=&#8221;vc_gid:1612270579152-e2364123-af54-10&#8243; include=&#8221;340,339,338,337,336,335,334,327,328,329,330,331,332,333,326,325&#8243;][\/vc_column_inner][\/vc_row_inner][vc_column_text]\n<hr \/>\n<h3>Die Perle von Sithonia \u2026<\/h3>\n<p>Sarti wird oft als Perle von Sithonia bezeichnet. Dies zu Recht, denn der gut 2,5 km lange Sandstrand mit seinem flach abfallenden Wasser und das gr\u00fcne Hinterland des Dorfes bieten atemberaubende Blicke. Der Sonnenaufgang \u00fcber der heiligen M\u00f6nchsrepublik Berg Athos, dem dritten Finger von Chalkidiki, macht den Urlaub unvergesslich.<\/p>\n<hr \/>\n<h3>Aktivit\u00e4ten in Sarti<\/h3>\n<p><iframe title=\"BLUE SENSES HOTEL &amp; BEACH RESTAURANT\" width=\"940\" height=\"529\" src=\"https:\/\/www.youtube.com\/embed\/N3GZtC7UdZs?feature=oembed\" frameborder=\"0\" allow=\"accelerometer; autoplay; clipboard-write; encrypted-media; gyroscope; picture-in-picture\" allowfullscreen><\/iframe><\/p>\n<p>Sarti bietet seinem Gast diverse M\u00f6glichkeiten zur Freizeitgestaltung. Der Sandstrand l\u00e4dt nicht nur zum Schwimmen ein. Auch Tauchen, Stand Up Paddling, Surfen, Tretboot- und Kajakfahrten tragen zur Erholung bei. Ein Spaziergang im Hinterland, ein begleiteter Ausritt, Wanderungen in der n\u00e4heren Umgebung, eine Muli-Tour oder eine Mountain-Bike-Tour bescheren einzigartige Eindr\u00fccke.<\/p>\n<hr \/>\n<h3>Erkunden Sie Sarti \u2026<\/h3>\n<p>Die familieneigene Autovermietung\u00a0<a href=\"http:\/\/www.mastercar-greece.com\/de\" target=\"_blank\" rel=\"noopener noreferrer\">MasterCar<\/a>\u00a0und Moto-Rent-Stationen erm\u00f6glichen es dem Interessierten die Halbinsel oder auch entferntere Orte, wie z.B. Staghira (Geburtsort des Aristoteles), die Ausgrabungsst\u00e4tte Olynthos, die Tropfsteinh\u00f6hle Petralona oder die zweitgr\u00f6\u00dfte Stadt Griechenlands Thessaloniki zu besuchen.<\/p>\n<hr \/>\n<h3>Geschichte von Sarti \u2026<\/h3>\n<p>\u00dcber die Geschichte von Sarti, welches 1922 durch griechische Fl\u00fcchtlinge aus Kleinasien gegr\u00fcndet wurde, erf\u00e4hrt man einiges bei einem Besuch des kleinen historischen Folklore-Museums am n\u00f6rdlichen Dorfrand.<\/p>\n<h3>Gastronomie\u2026<\/h3>\n<p>Kulinarisch wird der Besucher in vielen kleinen Tavernen und Caf\u00e9s verw\u00f6hnt. Ein erfrischender Frapp\u00e9 an einer der Strandbars und ein Abendessen mit fangfrischem Fisch aus der \u00c4gais tragen zu einem gelungenen Urlaub bei.[\/vc_column_text][\/vc_column][\/vc_row]\n","protected":false},"excerpt":{"rendered":"<p>[vc_row][vc_column][vc_row_inner][vc_column_inner][vc_column_text] \u00dcber Sarti Der Ort Sarti ist ein im Winter vertr\u00e4umtes, kleines D\u00f6rfchen, welches sich im Sommer auf den Tourismus einstellt und dem Gast ein breites Angebot zur Erholung und Unterhaltung bietet. Das Dorf liegt auf dem mittleren Finger der Chalkidiki, auf Sithonia. Es ist ca. 150 km von Thessaloniki entfernt.[\/vc_column_text][vc_masonry_media_grid style=&#8221;load-more&#8221; items_per_page=&#8221;3&#8243; grid_id=&#8221;vc_gid:1612270579152-e2364123-af54-10&#8243; include=&#8221;340,339,338,337,336,335,334,327,328,329,330,331,332,333,326,325&#8243;][\/vc_column_inner][\/vc_row_inner][vc_column_text] [&hellip;]<\/p>\n","protected":false},"author":1,"featured_media":0,"parent":0,"menu_order":0,"comment_status":"closed","ping_status":"closed","template":"page-right-sidebar.php","meta":{"spay_email":""},"yoast_head":"<!-- This site is optimized with the Yoast SEO plugin v15.7 - https:\/\/yoast.com\/wordpress\/plugins\/seo\/ -->\n<title>SARTI - Blue Senses<\/title>\n<meta name=\"robots\" content=\"index, follow, max-snippet:-1, max-image-preview:large, max-video-preview:-1\" \/>\n<link rel=\"canonical\" href=\"https:\/\/blue-senses.com\/?page_id=417&#038;lang=de\" \/>\n<meta property=\"og:locale\" content=\"el_GR\" \/>\n<meta property=\"og:type\" content=\"article\" \/>\n<meta property=\"og:title\" content=\"SARTI - Blue Senses\" \/>\n<meta property=\"og:description\" content=\"[vc_row][vc_column][vc_row_inner][vc_column_inner][vc_column_text] \u00dcber Sarti Der Ort Sarti ist ein im Winter vertr\u00e4umtes, kleines D\u00f6rfchen, welches sich im Sommer auf den Tourismus einstellt und dem Gast ein breites Angebot zur Erholung und Unterhaltung bietet. Das Dorf liegt auf dem mittleren Finger der Chalkidiki, auf Sithonia. Es ist ca. 150 km von Thessaloniki entfernt.[\/vc_column_text][vc_masonry_media_grid style=&#8221;load-more&#8221; items_per_page=&#8221;3&#8243; grid_id=&#8221;vc_gid:1612270579152-e2364123-af54-10&#8243; include=&#8221;340,339,338,337,336,335,334,327,328,329,330,331,332,333,326,325&#8243;][\/vc_column_inner][\/vc_row_inner][vc_column_text] [&hellip;]\" \/>\n<meta property=\"og:url\" content=\"https:\/\/blue-senses.com\/?page_id=417&amp;lang=de\" \/>\n<meta property=\"og:site_name\" content=\"Blue Senses\" \/>\n<meta name=\"twitter:card\" content=\"summary_large_image\" \/>\n<meta name=\"twitter:label1\" content=\"\u03b5\u03ba\u03c4\u03b9\u03bc\u03ce\u03bc\u03b5\u03bd\u03bf\u03c2 \u03c7\u03c1\u03cc\u03bd\u03bf\u03c2 \u03b4\u03b9\u03b1\u03b2\u03ac\u03c3\u03bc\u03b1\u03c4\u03bf\u03c2\">\n\t<meta name=\"twitter:data1\" content=\"2 \u03bb\u03b5\u03c0\u03c4\u03ac\">\n<script type=\"application\/ld+json\" class=\"yoast-schema-graph\">{\"@context\":\"https:\/\/schema.org\",\"@graph\":[{\"@type\":\"WebSite\",\"@id\":\"https:\/\/blue-senses.com\/#website\",\"url\":\"https:\/\/blue-senses.com\/\",\"name\":\"Blue Senses\",\"description\":\"Hotel Sarti, Chalkidiki\",\"potentialAction\":[{\"@type\":\"SearchAction\",\"target\":\"https:\/\/blue-senses.com\/?s={search_term_string}\",\"query-input\":\"required name=search_term_string\"}],\"inLanguage\":\"el\"},{\"@type\":\"WebPage\",\"@id\":\"https:\/\/blue-senses.com\/?page_id=417&lang=de#webpage\",\"url\":\"https:\/\/blue-senses.com\/?page_id=417&lang=de\",\"name\":\"SARTI - Blue Senses\",\"isPartOf\":{\"@id\":\"https:\/\/blue-senses.com\/#website\"},\"datePublished\":\"2021-02-02T12:58:11+00:00\",\"dateModified\":\"2021-02-02T12:58:11+00:00\",\"inLanguage\":\"el\",\"potentialAction\":[{\"@type\":\"ReadAction\",\"target\":[\"https:\/\/blue-senses.com\/?page_id=417&lang=de\"]}]}]}<\/script>\n<!-- \/ Yoast SEO plugin. -->","jetpack_sharing_enabled":true,"jetpack_likes_enabled":true,"_links":{"self":[{"href":"https:\/\/blue-senses.com\/index.php?rest_route=\/wp\/v2\/pages\/417"}],"collection":[{"href":"https:\/\/blue-senses.com\/index.php?rest_route=\/wp\/v2\/pages"}],"about":[{"href":"https:\/\/blue-senses.com\/index.php?rest_route=\/wp\/v2\/types\/page"}],"author":[{"embeddable":true,"href":"https:\/\/blue-senses.com\/index.php?rest_route=\/wp\/v2\/users\/1"}],"replies":[{"embeddable":true,"href":"https:\/\/blue-senses.com\/index.php?rest_route=%2Fwp%2Fv2%2Fcomments&post=417"}],"version-history":[{"count":1,"href":"https:\/\/blue-senses.com\/index.php?rest_route=\/wp\/v2\/pages\/417\/revisions"}],"predecessor-version":[{"id":418,"href":"https:\/\/blue-senses.com\/index.php?rest_route=\/wp\/v2\/pages\/417\/revisions\/418"}],"wp:attachment":[{"href":"https:\/\/blue-senses.com\/index.php?rest_route=%2Fwp%2Fv2%2Fmedia&parent=417"}],"curies":[{"name":"wp","href":"https:\/\/api.w.org\/{rel}","templated":true}]}}