{"id":419,"date":"2021-02-02T13:01:41","date_gmt":"2021-02-02T13:01:41","guid":{"rendered":"https:\/\/hotel.blue-senses.com\/?page_id=419"},"modified":"2021-02-02T15:08:32","modified_gmt":"2021-02-02T15:08:32","slug":"kontakt","status":"publish","type":"page","link":"https:\/\/blue-senses.com\/?page_id=419&lang=de","title":{"rendered":"KONTAKT"},"content":{"rendered":"[vc_row][vc_column][vc_gmaps link=&#8221;#E-8_JTNDaWZyYW1lJTIwc3JjJTNEJTIyaHR0cHMlM0ElMkYlMkZ3d3cuZ29vZ2xlLmNvbSUyRm1hcHMlMkZlbWJlZCUzRnBiJTNEJTIxMW0xOCUyMTFtMTIlMjExbTMlMjExZDMwNTIuNzI4MTIzOTUwNDQyJTIxMmQyMy45Nzc3NTQ1MTU2NDE2MDclMjEzZDQwLjA4MTQ3NjE4Mzg4MzkyJTIxMm0zJTIxMWYwJTIxMmYwJTIxM2YwJTIxM20yJTIxMWkxMDI0JTIxMmk3NjglMjE0ZjEzLjElMjEzbTMlMjExbTIlMjExczB4MTRhOGFmM2YxYjk5MTg2ZCUyNTNBMHgyYTQ3NmIzNGYwM2E4ZjI4JTIxMnNCbHVlJTI1MjBTZW5zZXMlMjUyMEhvdGVsJTIxNWUwJTIxM20yJTIxMXNlbCUyMTJzZ3IlMjE0djE2MTEwNTQwODk3MjAlMjE1bTIlMjExc2VsJTIxMnNnciUyMiUyMHdpZHRoJTNEJTIyNjAwJTIyJTIwaGVpZ2h0JTNEJTIyNDUwJTIyJTIwZnJhbWVib3JkZXIlM0QlMjIwJTIyJTIwc3R5bGUlM0QlMjJib3JkZXIlM0EwJTNCJTIyJTIwYWxsb3dmdWxsc2NyZWVuJTNEJTIyJTIyJTIwYXJpYS1oaWRkZW4lM0QlMjJmYWxzZSUyMiUyMHRhYmluZGV4JTNEJTIyMCUyMiUzRSUzQyUyRmlmcmFtZSUzRQ==&#8221;][\/vc_column][\/vc_row][vc_row][vc_column width=&#8221;2\/3&#8243;]\n        <h2 class=\"lined-heading mt50\">\n            <span>\n            Wegbeschreibung (Flughafen &#8211; Sarti &#8220;Blue Senses Hotel&#8221;)\n            <\/span>\n        <\/h2>\n        [vc_column_text]\n<ul class=\"list_4\">\n<li>Fahren Sie vom Flughafen ca. 2,8 km geradeaus bis Sie die Abzweigung nach rechts auf die Schnellstra\u00dfe 24 A\/D Thessalonikis Neon Moudanion Richtung Nea Moudania nehmen.<\/li>\n<li>Bleiben Sie nun f\u00fcr 48 km auf der Schnellstra\u00dfe und biegen sie dann bei der Ausfahrt nach Polygyros\/Sithonia\/ Nea Moudania rechts ab.<\/li>\n<li>Halten Sie sich rechts und biegen vor der Ampel rechts Richtung Polygyros und Sithonia ab (Landstra\u00dfe Epar. Od. Poligirou-Nea Potideas).<\/li>\n<li>Fahren Sie nun ca. 40 km bis Sie den Ort Nikiti immer noch geradeaus auf der Landstra\u00dfe durchfahren haben. Nach dem Ortsausgang bleiben Sie auf der Landstra\u00dfe und folgen schlie\u00dflich der Ausschilderung nach Ag. Nikolaos, Sarti und Sykia, indem Sie sich leicht links halten.<\/li>\n<li>Fahren Sie nun weitere 40 km bis Sie den Ort Sarti erreichen.<\/li>\n<\/ul>\n<div class=\"eight columns\">\n<div class=\"text-wrapper builder-item-wrapper builder-editor\">F\u00fcr weitere Informationen klicken Sie auf obiger Karte auf den Punkt \u201eWegbeschreibung\u201c.<\/div>\n<\/div>\n[\/vc_column_text]<div role=\"form\" class=\"wpcf7\" id=\"wpcf7-f434-o1\" lang=\"en-US\" dir=\"ltr\">\n<div class=\"screen-reader-response\"><p role=\"status\" aria-live=\"polite\" aria-atomic=\"true\"><\/p> <ul><\/ul><\/div>\n<form action=\"\/index.php?rest_route=%2Fwp%2Fv2%2Fpages%2F419#wpcf7-f434-o1\" method=\"post\" class=\"wpcf7-form init\" novalidate=\"novalidate\" data-status=\"init\">\n<div style=\"display: none;\">\n<input type=\"hidden\" name=\"_wpcf7\" value=\"434\" \/>\n<input type=\"hidden\" name=\"_wpcf7_version\" value=\"5.3.2\" \/>\n<input type=\"hidden\" name=\"_wpcf7_locale\" value=\"en_US\" \/>\n<input type=\"hidden\" name=\"_wpcf7_unit_tag\" value=\"wpcf7-f434-o1\" \/>\n<input type=\"hidden\" name=\"_wpcf7_container_post\" value=\"0\" \/>\n<input type=\"hidden\" name=\"_wpcf7_posted_data_hash\" value=\"\" \/>\n<\/div>\n<p>Ihr Name (Pflichtfeld)<br \/>\n    <span class=\"wpcf7-form-control-wrap your-name\"><input type=\"text\" name=\"your-name\" value=\"\" size=\"40\" class=\"wpcf7-form-control wpcf7-text wpcf7-validates-as-required\" aria-required=\"true\" aria-invalid=\"false\" \/><\/span> <\/p>\n<p>Ihr Email (Pflichtfeld)<br \/>\n    <span class=\"wpcf7-form-control-wrap your-email\"><input type=\"email\" name=\"your-email\" value=\"\" size=\"40\" class=\"wpcf7-form-control wpcf7-text wpcf7-email wpcf7-validates-as-required wpcf7-validates-as-email\" aria-required=\"true\" aria-invalid=\"false\" \/><\/span> <\/p>\n<p>Betreff der Nachricht<br \/>\n    <span class=\"wpcf7-form-control-wrap your-subject\"><input type=\"text\" name=\"your-subject\" value=\"\" size=\"40\" class=\"wpcf7-form-control wpcf7-text\" aria-invalid=\"false\" \/><\/span> <\/p>\n<p>Nachricht<br \/>\n    <span class=\"wpcf7-form-control-wrap your-message\"><textarea name=\"your-message\" cols=\"40\" rows=\"10\" class=\"wpcf7-form-control wpcf7-textarea\" aria-invalid=\"false\"><\/textarea><\/span> <\/p>\n<p><input type=\"submit\" value=\"Senden\" class=\"wpcf7-form-control wpcf7-submit\" \/><\/p>\n<div class=\"wpcf7-response-output\" aria-hidden=\"true\"><\/div><\/form><\/div>[\/vc_column][vc_column width=&#8221;1\/3&#8243;]\n        <h2 class=\"lined-heading mt50\">\n            <span>\n            Lage und Anfahrt\n            <\/span>\n        <\/h2>\n        [vc_column_text]\n<ul class=\"list_4\">\n<li>Das Blue Senses liegt am s\u00fcdlichen Dorfende von Sarti. Aus Thessaloniki kommend erreicht man Sarti indem man \u00fcber Nea Moudania Richtung Sithonia f\u00e4hrt und dann weiter \u00fcber Nikiti und Vourvourou.<\/li>\n<li>Erreicht man Sarti, bleibt man auf der Umgehungsstra\u00dfe des Dorfes und f\u00e4hrt die Abfahrt E Richtung Strand ab. An der Strandstra\u00dfe biegt man rechts ab und f\u00e4hrt knapp 200 m. Das Blue Senses ist das drittletzte Haus am langen Sandstrand.<\/li>\n<li>Die GPS-Koordinaten sind 40.081434, 23.979973 bzw. 40\u00b004&#8217;53.2&#8243;N 23\u00b058&#8217;47.9&#8243;E<\/li>\n<\/ul>\n[\/vc_column_text][vc_column_text]\n<address class=\"mt50\"><strong>Sarti \/ Chalkidiki, Griechenland<\/strong>, Postleitzahl 63072Tel.: +30 23750 94584 \/ Mobile : +30 6944 284342Grigorios Theocharis<\/p>\n<p><a href=\"https:\/\/blue-senses.com\/de\/contact-us-de\/#\">bluesenses@yahoo.de<\/a>\u00a0&#8211;\u00a0<a href=\"https:\/\/blue-senses.com\/de\/contact-us-de\/#\">info@blue-senses.com<\/a>\u00a0&#8211;\u00a0<a href=\"https:\/\/blue-senses.com\/de\/contact-us-de\/#\">www.blue-senses.com<\/a><\/p>\n<\/address>\n[\/vc_column_text]\n\n<div class=\"mfp_open\"><a href=\"https:\/\/blue-senses.com\/wp-content\/uploads\/2021\/01\/blue-senses-hotel-16-scaled.jpg\" title=\"\"><img src=\"https:\/\/blue-senses.com\/wp-content\/uploads\/2021\/01\/blue-senses-hotel-16-scaled.jpg\" alt=\"\" class=\"img-thumbnail img-responsive\"><\/a><\/div>\n  [\/vc_column][\/vc_row]\n","protected":false},"excerpt":{"rendered":"<p>[vc_row][vc_column][vc_gmaps link=&#8221;#E-8_JTNDaWZyYW1lJTIwc3JjJTNEJTIyaHR0cHMlM0ElMkYlMkZ3d3cuZ29vZ2xlLmNvbSUyRm1hcHMlMkZlbWJlZCUzRnBiJTNEJTIxMW0xOCUyMTFtMTIlMjExbTMlMjExZDMwNTIuNzI4MTIzOTUwNDQyJTIxMmQyMy45Nzc3NTQ1MTU2NDE2MDclMjEzZDQwLjA4MTQ3NjE4Mzg4MzkyJTIxMm0zJTIxMWYwJTIxMmYwJTIxM2YwJTIxM20yJTIxMWkxMDI0JTIxMmk3NjglMjE0ZjEzLjElMjEzbTMlMjExbTIlMjExczB4MTRhOGFmM2YxYjk5MTg2ZCUyNTNBMHgyYTQ3NmIzNGYwM2E4ZjI4JTIxMnNCbHVlJTI1MjBTZW5zZXMlMjUyMEhvdGVsJTIxNWUwJTIxM20yJTIxMXNlbCUyMTJzZ3IlMjE0djE2MTEwNTQwODk3MjAlMjE1bTIlMjExc2VsJTIxMnNnciUyMiUyMHdpZHRoJTNEJTIyNjAwJTIyJTIwaGVpZ2h0JTNEJTIyNDUwJTIyJTIwZnJhbWVib3JkZXIlM0QlMjIwJTIyJTIwc3R5bGUlM0QlMjJib3JkZXIlM0EwJTNCJTIyJTIwYWxsb3dmdWxsc2NyZWVuJTNEJTIyJTIyJTIwYXJpYS1oaWRkZW4lM0QlMjJmYWxzZSUyMiUyMHRhYmluZGV4JTNEJTIyMCUyMiUzRSUzQyUyRmlmcmFtZSUzRQ==&#8221;][\/vc_column][\/vc_row][vc_row][vc_column width=&#8221;2\/3&#8243;][vc_column_text] Fahren Sie vom Flughafen ca. 2,8 km geradeaus bis Sie die Abzweigung nach rechts auf die Schnellstra\u00dfe 24 A\/D Thessalonikis Neon Moudanion Richtung Nea Moudania nehmen. Bleiben Sie nun f\u00fcr 48 km auf der Schnellstra\u00dfe und biegen sie dann bei der Ausfahrt nach Polygyros\/Sithonia\/ Nea Moudania rechts ab. Halten Sie sich rechts [&hellip;]<\/p>\n","protected":false},"author":1,"featured_media":0,"parent":0,"menu_order":0,"comment_status":"open","ping_status":"open","template":"","meta":{"spay_email":""},"yoast_head":"<!-- This site is optimized with the Yoast SEO plugin v15.7 - https:\/\/yoast.com\/wordpress\/plugins\/seo\/ -->\n<title>KONTAKT - Blue Senses<\/title>\n<meta name=\"robots\" content=\"index, follow, max-snippet:-1, max-image-preview:large, max-video-preview:-1\" \/>\n<link rel=\"canonical\" href=\"https:\/\/blue-senses.com\/?page_id=419&#038;lang=de\" \/>\n<meta property=\"og:locale\" content=\"el_GR\" \/>\n<meta property=\"og:type\" content=\"article\" \/>\n<meta property=\"og:title\" content=\"KONTAKT - Blue Senses\" \/>\n<meta property=\"og:description\" content=\"[vc_row][vc_column][vc_gmaps link=&#8221;#E-8_JTNDaWZyYW1lJTIwc3JjJTNEJTIyaHR0cHMlM0ElMkYlMkZ3d3cuZ29vZ2xlLmNvbSUyRm1hcHMlMkZlbWJlZCUzRnBiJTNEJTIxMW0xOCUyMTFtMTIlMjExbTMlMjExZDMwNTIuNzI4MTIzOTUwNDQyJTIxMmQyMy45Nzc3NTQ1MTU2NDE2MDclMjEzZDQwLjA4MTQ3NjE4Mzg4MzkyJTIxMm0zJTIxMWYwJTIxMmYwJTIxM2YwJTIxM20yJTIxMWkxMDI0JTIxMmk3NjglMjE0ZjEzLjElMjEzbTMlMjExbTIlMjExczB4MTRhOGFmM2YxYjk5MTg2ZCUyNTNBMHgyYTQ3NmIzNGYwM2E4ZjI4JTIxMnNCbHVlJTI1MjBTZW5zZXMlMjUyMEhvdGVsJTIxNWUwJTIxM20yJTIxMXNlbCUyMTJzZ3IlMjE0djE2MTEwNTQwODk3MjAlMjE1bTIlMjExc2VsJTIxMnNnciUyMiUyMHdpZHRoJTNEJTIyNjAwJTIyJTIwaGVpZ2h0JTNEJTIyNDUwJTIyJTIwZnJhbWVib3JkZXIlM0QlMjIwJTIyJTIwc3R5bGUlM0QlMjJib3JkZXIlM0EwJTNCJTIyJTIwYWxsb3dmdWxsc2NyZWVuJTNEJTIyJTIyJTIwYXJpYS1oaWRkZW4lM0QlMjJmYWxzZSUyMiUyMHRhYmluZGV4JTNEJTIyMCUyMiUzRSUzQyUyRmlmcmFtZSUzRQ==&#8221;][\/vc_column][\/vc_row][vc_row][vc_column width=&#8221;2\/3&#8243;][vc_column_text] Fahren Sie vom Flughafen ca. 2,8 km geradeaus bis Sie die Abzweigung nach rechts auf die Schnellstra\u00dfe 24 A\/D Thessalonikis Neon Moudanion Richtung Nea Moudania nehmen. Bleiben Sie nun f\u00fcr 48 km auf der Schnellstra\u00dfe und biegen sie dann bei der Ausfahrt nach Polygyros\/Sithonia\/ Nea Moudania rechts ab. Halten Sie sich rechts [&hellip;]\" \/>\n<meta property=\"og:url\" content=\"https:\/\/blue-senses.com\/?page_id=419&amp;lang=de\" \/>\n<meta property=\"og:site_name\" content=\"Blue Senses\" \/>\n<meta property=\"article:modified_time\" content=\"2021-02-02T15:08:32+00:00\" \/>\n<meta name=\"twitter:card\" content=\"summary_large_image\" \/>\n<meta name=\"twitter:label1\" content=\"\u03b5\u03ba\u03c4\u03b9\u03bc\u03ce\u03bc\u03b5\u03bd\u03bf\u03c2 \u03c7\u03c1\u03cc\u03bd\u03bf\u03c2 \u03b4\u03b9\u03b1\u03b2\u03ac\u03c3\u03bc\u03b1\u03c4\u03bf\u03c2\">\n\t<meta name=\"twitter:data1\" content=\"2 \u03bb\u03b5\u03c0\u03c4\u03ac\">\n<script type=\"application\/ld+json\" class=\"yoast-schema-graph\">{\"@context\":\"https:\/\/schema.org\",\"@graph\":[{\"@type\":\"WebSite\",\"@id\":\"https:\/\/blue-senses.com\/#website\",\"url\":\"https:\/\/blue-senses.com\/\",\"name\":\"Blue Senses\",\"description\":\"Hotel Sarti, Chalkidiki\",\"potentialAction\":[{\"@type\":\"SearchAction\",\"target\":\"https:\/\/blue-senses.com\/?s={search_term_string}\",\"query-input\":\"required name=search_term_string\"}],\"inLanguage\":\"el\"},{\"@type\":\"WebPage\",\"@id\":\"https:\/\/blue-senses.com\/?page_id=419&lang=de#webpage\",\"url\":\"https:\/\/blue-senses.com\/?page_id=419&lang=de\",\"name\":\"KONTAKT - Blue Senses\",\"isPartOf\":{\"@id\":\"https:\/\/blue-senses.com\/#website\"},\"datePublished\":\"2021-02-02T13:01:41+00:00\",\"dateModified\":\"2021-02-02T15:08:32+00:00\",\"inLanguage\":\"el\",\"potentialAction\":[{\"@type\":\"ReadAction\",\"target\":[\"https:\/\/blue-senses.com\/?page_id=419&lang=de\"]}]}]}<\/script>\n<!-- \/ Yoast SEO plugin. -->","jetpack_sharing_enabled":true,"jetpack_likes_enabled":true,"_links":{"self":[{"href":"https:\/\/blue-senses.com\/index.php?rest_route=\/wp\/v2\/pages\/419"}],"collection":[{"href":"https:\/\/blue-senses.com\/index.php?rest_route=\/wp\/v2\/pages"}],"about":[{"href":"https:\/\/blue-senses.com\/index.php?rest_route=\/wp\/v2\/types\/page"}],"author":[{"embeddable":true,"href":"https:\/\/blue-senses.com\/index.php?rest_route=\/wp\/v2\/users\/1"}],"replies":[{"embeddable":true,"href":"https:\/\/blue-senses.com\/index.php?rest_route=%2Fwp%2Fv2%2Fcomments&post=419"}],"version-history":[{"count":2,"href":"https:\/\/blue-senses.com\/index.php?rest_route=\/wp\/v2\/pages\/419\/revisions"}],"predecessor-version":[{"id":444,"href":"https:\/\/blue-senses.com\/index.php?rest_route=\/wp\/v2\/pages\/419\/revisions\/444"}],"wp:attachment":[{"href":"https:\/\/blue-senses.com\/index.php?rest_route=%2Fwp%2Fv2%2Fmedia&parent=419"}],"curies":[{"name":"wp","href":"https:\/\/api.w.org\/{rel}","templated":true}]}}